{"id":17,"date":"2009-09-03T15:24:08","date_gmt":"2009-09-03T12:24:08","guid":{"rendered":"http:\/\/www.valgabowling.ee\/?page_id=17"},"modified":"2023-01-26T22:28:52","modified_gmt":"2023-01-26T19:28:52","slug":"uritused","status":"publish","type":"page","link":"http:\/\/www.valgabowling.ee\/?page_id=17","title":{"rendered":"V\u00f5istlused ja tulemused"},"content":{"rendered":"<p><span style=\"color: #800080;\"><strong>Valga Bowling Centris toimuvad<\/strong> <strong>iga p\u00fchap\u00e4eva \u00f5htul kell 19.00 bowlingu v\u00f5istlused<\/strong>,<\/span> osav\u00f5tutasu 12 EUR, m\u00e4ngitakse \u0160veitsi s\u00fcsteemis olenevalt osav\u00f5tjate arvust 4-6 m\u00e4ngu. \u00a0Info tel. 56 66 06 78<\/p>\n<p>&nbsp;<\/p>\n<p>V\u00f5istlussari S\u00fcgis 2012, seis peale\u00a011 etappi:<\/p>\n<p><a href=\"http:\/\/www.valgabowling.ee\/wp-content\/uploads\/2012\/12\/Karikasari-S\u00dcGIS2012.pdf\" target=\"_blank\">Bowlingu Karikasari &#8211; S\u00fcgis 2012 tulemused<\/a><\/p>\n<p><a title=\"Bowlingu Karikasari - S\u00fcgis 2012 tulemused\" href=\"http:\/\/www.valgabowling.ee\/wp-content\/uploads\/2012\/12\/Karikasari-S\u00dcGIS2012.pdf\">\u00a0<\/a><\/p>\n<p>&nbsp;<\/p>\n<p>V\u00f5istlussari Suvi 2012, l\u00f5ppseis:<\/p>\n<p><a href=\"http:\/\/www.valgabowling.ee\/wp-content\/uploads\/2012\/06\/Karikasari-SUVI2012.pdf\" target=\"_blank\">Bowlingu Karikasari &#8211; Suvi 2012 tulemused<\/a><\/p>\n<p><a href=\"http:\/\/www.valgabowling.ee\/wp-content\/uploads\/2012\/06\/Karikasari-SUVI2012.pdf\">\u00a0<\/a><\/p>\n<p>&nbsp;<\/p>\n<p>V\u00f5istlussari Talv 2012 on l\u00f5ppenud. Paremusj\u00e4rjestus:<\/p>\n<p><a href=\"http:\/\/www.valgabowling.ee\/wp-content\/uploads\/2012\/03\/Karikasari-Talv-2012.pdf\" target=\"_blank\">Bowlingu Karikasari &#8211; Talv 2012 tulemused<\/a><\/p>\n<p><a href=\"http:\/\/www.valgabowling.ee\/wp-content\/uploads\/2012\/03\/Karikasari-Talv-2012.pdf\">\u00a0<\/a><\/p>\n<p>&nbsp;<\/p>\n<p>V\u00f5istlussari &#8220;S\u00fcgis 2011&#8221; on l\u00f5plik paremusj\u00e4rjestus\u00a0:<\/p>\n<p><a href=\"http:\/\/www.valgabowling.ee\/wp-content\/uploads\/2012\/01\/Karikasari-S\u00dcGIS2011.pdf\" target=\"_blank\">Bowlingu karikasari &#8211; S\u00fcgis 2011 tulemused<\/a><\/p>\n<p><a href=\"http:\/\/www.valgabowling.ee\/wp-content\/uploads\/2012\/01\/Karikasari-S\u00dcGIS2011.pdf\">\u00a0<\/a><\/p>\n<p>&nbsp;<\/p>\n<p><span style=\"color: #800080;\"><strong>Valga Piljardiklubi korraldab piljardi alg\u00f5pet ja turniire<\/strong>.<\/span> Osav\u00f5tutasu 5 EUR\u00a0kuu. Treening ja turniir toimub neljap\u00e4eviti, kokku kestab kuni\u00a02,5 tundi kella 18.00-ni. Info telefonilt 52 02 962.<\/p>\n<p>&nbsp;<\/p>\n<p><span style=\"color: #800080;\"><strong>Valga Piljardiklubi korraldab igal neljap\u00e4eval turniire kell 18.00 algusega<\/strong><\/span>. Osav\u00f5tutasu\u00a0 5 EUR. Kolmele paremale auhinnad. Info tel 52 02 962.<\/p>\n<p>&nbsp;<\/p>\n","protected":false},"excerpt":{"rendered":"<p>Valga Bowling Centris toimuvad iga p\u00fchap\u00e4eva \u00f5htul kell 19.00 bowlingu v\u00f5istlused, osav\u00f5tutasu 12 EUR, m\u00e4ngitakse \u0160veitsi s\u00fcsteemis olenevalt osav\u00f5tjate arvust 4-6 m\u00e4ngu. \u00a0Info tel. 56 66 06 78 &nbsp; V\u00f5istlussari S\u00fcgis 2012, seis peale\u00a011 etappi: Bowlingu Karikasari &#8211; S\u00fcgis 2012 tulemused \u00a0 &nbsp; V\u00f5istlussari Suvi 2012, l\u00f5ppseis: Bowlingu Karikasari &#8211; Suvi 2012 tulemused \u00a0 &nbsp; [&hellip;]<\/p>\n","protected":false},"author":3,"featured_media":0,"parent":0,"menu_order":0,"comment_status":"closed","ping_status":"closed","template":"","meta":[],"_links":{"self":[{"href":"http:\/\/www.valgabowling.ee\/index.php?rest_route=\/wp\/v2\/pages\/17"}],"collection":[{"href":"http:\/\/www.valgabowling.ee\/index.php?rest_route=\/wp\/v2\/pages"}],"about":[{"href":"http:\/\/www.valgabowling.ee\/index.php?rest_route=\/wp\/v2\/types\/page"}],"author":[{"embeddable":true,"href":"http:\/\/www.valgabowling.ee\/index.php?rest_route=\/wp\/v2\/users\/3"}],"replies":[{"embeddable":true,"href":"http:\/\/www.valgabowling.ee\/index.php?rest_route=%2Fwp%2Fv2%2Fcomments&post=17"}],"version-history":[{"count":133,"href":"http:\/\/www.valgabowling.ee\/index.php?rest_route=\/wp\/v2\/pages\/17\/revisions"}],"predecessor-version":[{"id":983,"href":"http:\/\/www.valgabowling.ee\/index.php?rest_route=\/wp\/v2\/pages\/17\/revisions\/983"}],"wp:attachment":[{"href":"http:\/\/www.valgabowling.ee\/index.php?rest_route=%2Fwp%2Fv2%2Fmedia&parent=17"}],"curies":[{"name":"wp","href":"https:\/\/api.w.org\/{rel}","templated":true}]}}