{"id":15,"date":"2009-09-03T15:22:26","date_gmt":"2009-09-03T12:22:26","guid":{"rendered":"http:\/\/www.valgabowling.ee\/?page_id=15"},"modified":"2024-10-04T00:28:51","modified_gmt":"2024-10-03T21:28:51","slug":"hinnakiri","status":"publish","type":"page","link":"http:\/\/www.valgabowling.ee\/?page_id=15","title":{"rendered":"Hinnakiri"},"content":{"rendered":"<p><span style=\"color: #800080;\"><strong>BOWLING<\/strong><\/span><\/p>\n<p><strong><span style=\"color: #333333;\">Teisip\u00e4ev &#8211; Neljap\u00e4ev<\/span><\/strong><\/p>\n<p><strong>Tuesday &#8211; Thursday<\/strong><\/p>\n<p>15.00 &#8211; 17.00\u00a0 \u00a014.80 \u20ac\u00a0tund\/hour<\/p>\n<p>17.00 &#8211; 22.00\u00a0\u00a0\u00a018.00 \u20ac\u00a0tund\/hour<\/p>\n<p><strong><span style=\"color: #333333;\">Reede<\/span><\/strong><\/p>\n<p><strong><span style=\"color: #333333;\">Friday<br \/>\n<\/span><\/strong>15.00 &#8211; 17.00 \u00a0 14.80 \u20ac\u00a0tund\/hour<\/p>\n<p>17.00 &#8211; 24.00\u00a0\u00a0\u00a019.80 \u20ac\u00a0tund\/hour<\/p>\n<p><strong><span style=\"color: #333333;\">Laup\u00e4ev<\/span><\/strong><\/p>\n<p><strong><span style=\"color: #333333;\">Saturday<br \/>\n<\/span><\/strong>13.00 &#8211; 17.00\u00a0\u00a0\u00a017.80 \u20ac\u00a0tund\/hour<\/p>\n<p>17.00 &#8211; 24.00\u00a0\u00a0\u00a019.80 \u20ac\u00a0tund\/hour<\/p>\n<p><strong><span style=\"color: #333333;\">P\u00fchap\u00e4ev<\/span><\/strong><\/p>\n<p><strong><span style=\"color: #333333;\">Sunday<br \/>\n<\/span><\/strong>13.00 &#8211; 22.00\u00a0\u00a0\u00a018.80 \u20ac\u00a0tund\/hour<\/p>\n<p><span style=\"color: #333333;\"><strong>Jalan\u00f5ude rent<\/strong><\/span>\u00a01,00 \u20ac\u00a0paar<\/p>\n<p><strong><span style=\"color: #ff0000;\"><span style=\"color: #800080;\">BOWLINGU SOODUSTUSED<\/span><\/span><\/strong><\/p>\n<p>Kuni 18 aastastele noortele dokumendi esitamisel bowlingu tunnihind teisip\u00e4evast\u00a0 reedeni 13.20 \u20ac tund ja n\u00e4dalal\u00f5pul 16.20 \u20ac tund. Soodustus kehtib kuni 17.00.<\/p>\n<p>Kliendikaardiga soodustus\u00a08 &#8211; 10 %<br \/>\n<br style=\"text-align: justify;\" \/><br \/>\n<strong><span style=\"color: #800080;\">PANE T\u00c4HELE!<\/span><\/strong><\/p>\n<p style=\"text-align: justify;\"><strong>Kui v\u00f5tad kaasa karastusjooke siis lisandub ruumi rendi hind ( 8 EUR \u00a0\u00fcks rada, 10 EUR \u00a0kaks rada, 12 EUR \u00a0kolm rada)<\/strong><\/p>\n<p><br style=\"text-align: justify;\" \/><strong>Riiklikel p\u00fchadel kehtib laup\u00e4eva hinnakiri. \u00a0 \u00a0 \u00a0 \u00a0 \u00a0 \u00a0 \u00a0 \u00a0 \u00a0 \u00a0 \u00a0 \u00a0 \u00a0 \u00a0 \u00a0 \u00a0 \u00a0 \u00a0 \u00a0 \u00a0 \u00a0 \u00a0 \u00a0 \u00a0 \u00a0 \u00a0 \u00a0 \u00a0 \u00a0 \u00a0 \u00a0 \u00a0 \u00a0 \u00a0 \u00a0 \u00a0 \u00a0Broneeringule v\u00e4ljaspool avamisaega lisandub ruumi rent 12 EUR tunnis.<br \/>\n<\/strong><\/p>\n<p><br style=\"text-align: justify;\" \/><span style=\"color: #800080;\"><strong>TEISED M\u00c4NGUD<\/strong><\/span><\/p>\n<p>Darts\u00a0 \u00a0 \u00a0 Esmasp\u00e4ev- neljap\u00e4ev 6.00 EUR tund,\u00a0 Reede-p\u00fchap\u00e4ev 8.00 EUR tund<\/p>\n<p><span style=\"color: #000000;\"><strong>Piljard<\/strong><\/span>\u00a06.80 \u20ac\u00a0tund<\/p>\n<p>Piljard n\u00e4dalal\u00f5pp (reede-p\u00fchap\u00e4ev) 7.40 \u20ac<\/p>\n<h3><span style=\"text-align: justify;\">\u00a0 \u00a0 \u00a0 \u00a0 \u00a0 \u00a0 \u00a0 \u00a0 \u00a0 \u00a0 \u00a0 \u00a0 \u00a0 \u00a0 \u00a0 \u00a0 \u00a0 \u00a0 \u00a0 \u00a0 \u00a0 \u00a0 \u00a0 \u00a0 \u00a0 \u00a0 \u00a0 \u00a0 \u00a0 \u00a0 \u00a0 \u00a0 \u00a0<\/span><\/h3>\n<p><span style=\"color: #000000;\"><strong>\u00d5huhoki<\/strong><\/span>\u00a09,00 \u20ac\u00a0tund (miinimum aeg 5 minutit, 0,75 \u20ac)<\/p>\n<p><span style=\"color: #000000;\"><strong>Elektroonilised m\u00e4ngud<\/strong><\/span> &#8220;Ralli le Mans&#8221;, &#8220;Boxer&#8221;. M\u00e4ngude hind 0,50 \u20ac<\/p>\n<p><span style=\"color: #000000;\"><strong>Kaardim\u00e4ngud<\/strong><\/span>\u00a0laua rent Esmasp\u00e4ev-Neljap\u00e4ev 7.40 EUR tund, Reede-P\u00fchap\u00e4ev 9.40 EUR tund.<\/p>\n<p><span style=\"color: #800080;\"><strong>MUUD SOODUSTUSED<\/strong><\/span><\/p>\n<p>Valga Piljardiklubi aktiivsetel liikmetele piljard 5.40 \u20ac\u00a0tund, n\u00e4dalal\u00f5pp 6.00 \u20ac<\/p>\n","protected":false},"excerpt":{"rendered":"<p>BOWLING Teisip\u00e4ev &#8211; Neljap\u00e4ev Tuesday &#8211; Thursday 15.00 &#8211; 17.00\u00a0 \u00a014.80 \u20ac\u00a0tund\/hour 17.00 &#8211; 22.00\u00a0\u00a0\u00a018.00 \u20ac\u00a0tund\/hour Reede Friday 15.00 &#8211; 17.00 \u00a0 14.80 \u20ac\u00a0tund\/hour 17.00 &#8211; 24.00\u00a0\u00a0\u00a019.80 \u20ac\u00a0tund\/hour Laup\u00e4ev Saturday 13.00 &#8211; 17.00\u00a0\u00a0\u00a017.80 \u20ac\u00a0tund\/hour 17.00 &#8211; 24.00\u00a0\u00a0\u00a019.80 \u20ac\u00a0tund\/hour P\u00fchap\u00e4ev Sunday 13.00 &#8211; 22.00\u00a0\u00a0\u00a018.80 \u20ac\u00a0tund\/hour Jalan\u00f5ude rent\u00a01,00 \u20ac\u00a0paar BOWLINGU SOODUSTUSED Kuni 18 aastastele noortele dokumendi esitamisel [&hellip;]<\/p>\n","protected":false},"author":3,"featured_media":0,"parent":0,"menu_order":3,"comment_status":"closed","ping_status":"closed","template":"","meta":[],"_links":{"self":[{"href":"http:\/\/www.valgabowling.ee\/index.php?rest_route=\/wp\/v2\/pages\/15"}],"collection":[{"href":"http:\/\/www.valgabowling.ee\/index.php?rest_route=\/wp\/v2\/pages"}],"about":[{"href":"http:\/\/www.valgabowling.ee\/index.php?rest_route=\/wp\/v2\/types\/page"}],"author":[{"embeddable":true,"href":"http:\/\/www.valgabowling.ee\/index.php?rest_route=\/wp\/v2\/users\/3"}],"replies":[{"embeddable":true,"href":"http:\/\/www.valgabowling.ee\/index.php?rest_route=%2Fwp%2Fv2%2Fcomments&post=15"}],"version-history":[{"count":81,"href":"http:\/\/www.valgabowling.ee\/index.php?rest_route=\/wp\/v2\/pages\/15\/revisions"}],"predecessor-version":[{"id":989,"href":"http:\/\/www.valgabowling.ee\/index.php?rest_route=\/wp\/v2\/pages\/15\/revisions\/989"}],"wp:attachment":[{"href":"http:\/\/www.valgabowling.ee\/index.php?rest_route=%2Fwp%2Fv2%2Fmedia&parent=15"}],"curies":[{"name":"wp","href":"https:\/\/api.w.org\/{rel}","templated":true}]}}