{"id":14,"date":"2009-09-03T15:23:23","date_gmt":"2009-09-03T12:23:23","guid":{"rendered":"http:\/\/www.valgabowling.ee\/?page_id=14"},"modified":"2019-03-21T00:44:09","modified_gmt":"2019-03-20T21:44:09","slug":"edetabel","status":"publish","type":"page","link":"http:\/\/www.valgabowling.ee\/?page_id=14","title":{"rendered":"Edetabel"},"content":{"rendered":"<p><strong><span style=\"color: #800080;\">BOWLINGU EDETABEL<\/span><\/strong><\/p>\n<p>&nbsp;<\/p>\n<p>&nbsp;<\/p>\n<p><span style=\"color: #800080;\"><strong>Naised<\/strong><\/span><\/p>\n<p>&nbsp;<\/p>\n<p><strong><span style=\"color: #000000;\">1. Laili Leppik 237<\/span><\/strong><br \/>\n2. Riina Veiram 237<br \/>\n3. Reelika V\u00e4hi 236<br \/>\n4. Kaire Heinleht 224<br \/>\n5. Lily Leppik 221<br \/>\n6. Riina L\u00f5hmus 220<br \/>\n7. Kristiina T\u00e4\u00e4r 217<br \/>\n8. Inara Ratnik 215<br \/>\n9. Hille- Mai P\u00e4hklam\u00e4gi 215<br \/>\n10. Alla Korkin 213<\/p>\n<p>&nbsp;<\/p>\n<p>&nbsp;<\/p>\n<p><span style=\"color: #800080;\"><strong>Mehed<\/strong><\/span><\/p>\n<p>&nbsp;<\/p>\n<p><strong><span style=\"color: #000000;\">1. Andres M\u00e4emets 270<\/span><\/strong><br \/>\n2. Otto Preem 269<br \/>\n3. Marko Voitk 268<br \/>\n4. Jaan Unt 267<br \/>\n5. Tiit Kattai 265<br \/>\n6. Raivo V\u00e4hi 258<br \/>\n7. Helev Gross 257<br \/>\n8. Margus Voitk 249<br \/>\n9. Elmo Nikiforov 247<br \/>\n10. Johannes Leppik 247<\/p>\n<p>&nbsp;<\/p>\n<p>&nbsp;<\/p>\n<p><span style=\"color: #800080;\"><strong>Tulemus enne 14.a. saamist<\/strong><\/span><\/p>\n<p>&nbsp;<\/p>\n<p><span style=\"color: #000000;\">1. Anna Liisa Kattai 212<\/span><br \/>\n2. Marko P\u00e4hklam\u00e4gi 200<br \/>\n3. Kevin Koosa 191<br \/>\n4. Siim Villemson 180<br \/>\n5. Kris Kikkas\u00a0 180<br \/>\n6. Kertu P\u00e4hklam\u00e4gi 174<br \/>\n7. Kevin Kattai 170<br \/>\n8. Indrek Lehtsaar 169<br \/>\n9. Mario Pinka 167<br \/>\n10. Chris Markus Krahv 165<\/p>\n","protected":false},"excerpt":{"rendered":"<p>BOWLINGU EDETABEL &nbsp; &nbsp; Naised &nbsp; 1. Laili Leppik 237 2. Riina Veiram 237 3. Reelika V\u00e4hi 236 4. Kaire Heinleht 224 5. Lily Leppik 221 6. Riina L\u00f5hmus 220 7. Kristiina T\u00e4\u00e4r 217 8. Inara Ratnik 215 9. Hille- Mai P\u00e4hklam\u00e4gi 215 10. Alla Korkin 213 &nbsp; &nbsp; Mehed &nbsp; 1. Andres M\u00e4emets 270 [&hellip;]<\/p>\n","protected":false},"author":1,"featured_media":0,"parent":0,"menu_order":6,"comment_status":"closed","ping_status":"closed","template":"","meta":[],"_links":{"self":[{"href":"http:\/\/www.valgabowling.ee\/index.php?rest_route=\/wp\/v2\/pages\/14"}],"collection":[{"href":"http:\/\/www.valgabowling.ee\/index.php?rest_route=\/wp\/v2\/pages"}],"about":[{"href":"http:\/\/www.valgabowling.ee\/index.php?rest_route=\/wp\/v2\/types\/page"}],"author":[{"embeddable":true,"href":"http:\/\/www.valgabowling.ee\/index.php?rest_route=\/wp\/v2\/users\/1"}],"replies":[{"embeddable":true,"href":"http:\/\/www.valgabowling.ee\/index.php?rest_route=%2Fwp%2Fv2%2Fcomments&post=14"}],"version-history":[{"count":15,"href":"http:\/\/www.valgabowling.ee\/index.php?rest_route=\/wp\/v2\/pages\/14\/revisions"}],"predecessor-version":[{"id":952,"href":"http:\/\/www.valgabowling.ee\/index.php?rest_route=\/wp\/v2\/pages\/14\/revisions\/952"}],"wp:attachment":[{"href":"http:\/\/www.valgabowling.ee\/index.php?rest_route=%2Fwp%2Fv2%2Fmedia&parent=14"}],"curies":[{"name":"wp","href":"https:\/\/api.w.org\/{rel}","templated":true}]}}