{"id":124,"date":"2009-09-08T14:49:04","date_gmt":"2009-09-08T11:49:04","guid":{"rendered":"http:\/\/www.valgabowling.ee\/?page_id=124"},"modified":"2024-10-04T00:32:25","modified_gmt":"2024-10-03T21:32:25","slug":"kontakt","status":"publish","type":"page","link":"http:\/\/www.valgabowling.ee\/?page_id=124","title":{"rendered":"Kontakt"},"content":{"rendered":"<p style=\"text-align: left;\"><img decoding=\"async\" loading=\"lazy\" class=\"size-full wp-image-136 alignright\" style=\"margin: 1px 1px;\" title=\"kaart2\" src=\"http:\/\/www.valgabowling.ee\/wp-content\/uploads\/2009\/09\/kaart2.jpg\" alt=\"kaart2\" width=\"407\" height=\"271\" srcset=\"http:\/\/www.valgabowling.ee\/wp-content\/uploads\/2009\/09\/kaart2.jpg 407w, http:\/\/www.valgabowling.ee\/wp-content\/uploads\/2009\/09\/kaart2-300x199.jpg 300w\" sizes=\"(max-width: 407px) 100vw, 407px\" \/><\/p>\n<p><strong><span style=\"color: #ff0000;\">\u00a0<\/span><\/strong><\/p>\n<p style=\"text-align: left;\"><strong><span style=\"color: #800080;\">Valga Bowling Center<\/span><br \/>\n<\/strong>Kungla 31, Valga 68204<br \/>\nTelefon: +372 5666 0678<\/p>\n<p><strong><span style=\"color: #800080;\">Avatud:<\/span><br \/>\n<\/strong><\/p>\n<p><span style=\"color: #000000;\">Esmasp\u00e4ev &#8211; Neljap\u00e4ev,<\/span><\/p>\n<p>15.00 &#8211; 22.00<\/p>\n<p>Reede<\/p>\n<p>15:00-00:00<\/p>\n<p><span style=\"color: #000000;\">Laup\u00e4ev<\/span><br \/>\n13:00 &#8211; 00:00<\/p>\n<p><span style=\"color: #000000;\">P\u00fchap\u00e4ev<\/span><\/p>\n<p>13:00-22.00<\/p>\n","protected":false},"excerpt":{"rendered":"<p>\u00a0 Valga Bowling Center Kungla 31, Valga 68204 Telefon: +372 5666 0678 Avatud: Esmasp\u00e4ev &#8211; Neljap\u00e4ev, 15.00 &#8211; 22.00 Reede 15:00-00:00 Laup\u00e4ev 13:00 &#8211; 00:00 P\u00fchap\u00e4ev 13:00-22.00<\/p>\n","protected":false},"author":1,"featured_media":0,"parent":0,"menu_order":8,"comment_status":"closed","ping_status":"closed","template":"","meta":[],"_links":{"self":[{"href":"http:\/\/www.valgabowling.ee\/index.php?rest_route=\/wp\/v2\/pages\/124"}],"collection":[{"href":"http:\/\/www.valgabowling.ee\/index.php?rest_route=\/wp\/v2\/pages"}],"about":[{"href":"http:\/\/www.valgabowling.ee\/index.php?rest_route=\/wp\/v2\/types\/page"}],"author":[{"embeddable":true,"href":"http:\/\/www.valgabowling.ee\/index.php?rest_route=\/wp\/v2\/users\/1"}],"replies":[{"embeddable":true,"href":"http:\/\/www.valgabowling.ee\/index.php?rest_route=%2Fwp%2Fv2%2Fcomments&post=124"}],"version-history":[{"count":30,"href":"http:\/\/www.valgabowling.ee\/index.php?rest_route=\/wp\/v2\/pages\/124\/revisions"}],"predecessor-version":[{"id":990,"href":"http:\/\/www.valgabowling.ee\/index.php?rest_route=\/wp\/v2\/pages\/124\/revisions\/990"}],"wp:attachment":[{"href":"http:\/\/www.valgabowling.ee\/index.php?rest_route=%2Fwp%2Fv2%2Fmedia&parent=124"}],"curies":[{"name":"wp","href":"https:\/\/api.w.org\/{rel}","templated":true}]}}